{"id":23,"date":"2026-04-29T10:06:11","date_gmt":"2026-04-29T10:06:11","guid":{"rendered":"https:\/\/wp5209.gendalf.teamon.site\/?page_id=23"},"modified":"2026-04-29T11:59:23","modified_gmt":"2026-04-29T11:59:23","slug":"termini-e-condizioni","status":"publish","type":"page","link":"https:\/\/wp5209.gendalf.teamon.site\/index.php\/termini-e-condizioni\/","title":{"rendered":"Termini e condizioni"},"content":{"rendered":"\t\t<div data-elementor-type=\"wp-page\" data-elementor-id=\"23\" class=\"elementor elementor-23\" data-elementor-post-type=\"page\">\n\t\t\t\t\t\t\t\t\t<section class=\"elementor-section elementor-top-section elementor-element elementor-element-67aa9b38 elementor-section-full_width elementor-section-height-default elementor-section-height-default\" data-id=\"67aa9b38\" data-element_type=\"section\" id=\"more\">\n\t\t\t\t\t\t<div class=\"elementor-container elementor-column-gap-default\">\n\t\t\t\t\t<div class=\"elementor-column elementor-col-100 elementor-top-column elementor-element elementor-element-5d08dd73\" data-id=\"5d08dd73\" data-element_type=\"column\">\n\t\t\t<div class=\"elementor-widget-wrap elementor-element-populated\">\n\t\t\t\t\t\t\t\t<section class=\"elementor-section elementor-inner-section elementor-element elementor-element-748550ba elementor-section-full_width elementor-section-height-default elementor-section-height-default\" data-id=\"748550ba\" data-element_type=\"section\">\n\t\t\t\t\t\t<div class=\"elementor-container elementor-column-gap-no\">\n\t\t\t\t\t<div class=\"elementor-column elementor-col-100 elementor-inner-column elementor-element elementor-element-a0ae4f4\" data-id=\"a0ae4f4\" data-element_type=\"column\">\n\t\t\t<div class=\"elementor-widget-wrap elementor-element-populated\">\n\t\t\t\t\t\t\t\t<div class=\"elementor-element elementor-element-6fa71ad3 elementor-widget elementor-widget-image-box\" data-id=\"6fa71ad3\" data-element_type=\"widget\" data-widget_type=\"image-box.default\">\n\t\t\t\t<div class=\"elementor-widget-container\">\n\t\t\t<style>\/*! elementor - v3.15.0 - 31-07-2023 *\/\n.elementor-widget-image-box .elementor-image-box-content{width:100%}@media (min-width:768px){.elementor-widget-image-box.elementor-position-left .elementor-image-box-wrapper,.elementor-widget-image-box.elementor-position-right .elementor-image-box-wrapper{display:flex}.elementor-widget-image-box.elementor-position-right .elementor-image-box-wrapper{text-align:right;flex-direction:row-reverse}.elementor-widget-image-box.elementor-position-left .elementor-image-box-wrapper{text-align:left;flex-direction:row}.elementor-widget-image-box.elementor-position-top .elementor-image-box-img{margin:auto}.elementor-widget-image-box.elementor-vertical-align-top .elementor-image-box-wrapper{align-items:flex-start}.elementor-widget-image-box.elementor-vertical-align-middle .elementor-image-box-wrapper{align-items:center}.elementor-widget-image-box.elementor-vertical-align-bottom .elementor-image-box-wrapper{align-items:flex-end}}@media (max-width:767px){.elementor-widget-image-box .elementor-image-box-img{margin-left:auto!important;margin-right:auto!important;margin-bottom:15px}}.elementor-widget-image-box .elementor-image-box-img{display:inline-block}.elementor-widget-image-box .elementor-image-box-title a{color:inherit}.elementor-widget-image-box .elementor-image-box-wrapper{text-align:center}.elementor-widget-image-box .elementor-image-box-description{margin:0}<\/style><div class=\"elementor-image-box-wrapper\"><div class=\"elementor-image-box-content\"><h4 class=\"elementor-image-box-title\">Termini e Condizioni d\u2019Uso<\/h4><\/div><\/div>\t\t<\/div>\n\t\t\t\t<\/div>\n\t\t\t\t<div class=\"elementor-element elementor-element-1d86d25 elementor-widget elementor-widget-text-editor\" data-id=\"1d86d25\" data-element_type=\"widget\" data-widget_type=\"text-editor.default\">\n\t\t\t\t<div class=\"elementor-widget-container\">\n\t\t\t<style>\/*! elementor - v3.15.0 - 31-07-2023 *\/\n.elementor-widget-text-editor.elementor-drop-cap-view-stacked .elementor-drop-cap{background-color:#69727d;color:#fff}.elementor-widget-text-editor.elementor-drop-cap-view-framed .elementor-drop-cap{color:#69727d;border:3px solid;background-color:transparent}.elementor-widget-text-editor:not(.elementor-drop-cap-view-default) .elementor-drop-cap{margin-top:8px}.elementor-widget-text-editor:not(.elementor-drop-cap-view-default) .elementor-drop-cap-letter{width:1em;height:1em}.elementor-widget-text-editor .elementor-drop-cap{float:left;text-align:center;line-height:1;font-size:50px}.elementor-widget-text-editor .elementor-drop-cap-letter{display:inline-block}<\/style>\t\t\t\t<h3 data-section-id=\"10jalk3\" data-start=\"31\" data-end=\"64\">1. Accettazione dei termini<\/h3><p data-start=\"65\" data-end=\"249\">Tu (\u00abUtente\u00bb o \u00abtu\u00bb) e noi (\u00abSociet\u00e0\u00bb, \u00abnoi\u00bb, \u00abnostro\u00bb) siamo vincolati dai presenti Termini e Condizioni (\u00abAccordo\u00bb), che regolano l\u2019utilizzo del nostro sito web e dei nostri servizi.<\/p><p data-start=\"251\" data-end=\"368\">Accedendo o utilizzando il sito, accetti di essere vincolato da questo Accordo e confermi di averlo letto e compreso.<\/p><hr data-start=\"370\" data-end=\"373\" \/><h3 data-section-id=\"15v2fhg\" data-start=\"375\" data-end=\"410\">2. Responsabilit\u00e0 dell\u2019utente<\/h3><p data-start=\"411\" data-end=\"510\">Utilizzando il sito e i suoi servizi, accetti di rispettare tutte le leggi e normative applicabili.<\/p><p data-start=\"512\" data-end=\"719\">Sei completamente responsabile di qualsiasi contenuto che pubblichi o trasmetti tramite il sito. Ti impegni a non adottare comportamenti illegali, diffamatori o abusivi durante l\u2019utilizzo dei nostri servizi.<\/p><hr data-start=\"721\" data-end=\"724\" \/><h3 data-section-id=\"11vrk6a\" data-start=\"726\" data-end=\"758\">3. Propriet\u00e0 intellettuale<\/h3><p data-start=\"759\" data-end=\"862\">La Societ\u00e0 \u00e8 proprietaria del sito web e di tutte le sue funzionalit\u00e0, contenuti ed elementi originali.<\/p><p data-start=\"864\" data-end=\"1029\">Questi elementi sono protetti dalle leggi internazionali sul diritto d\u2019autore, marchi, brevetti, segreti commerciali e altre normative sulla propriet\u00e0 intellettuale.<\/p><hr data-start=\"1031\" data-end=\"1034\" \/><h3 data-section-id=\"14vp6u\" data-start=\"1036\" data-end=\"1069\">4. Contenuti di terze parti<\/h3><p data-start=\"1070\" data-end=\"1190\">Il sito pu\u00f2 contenere link a siti web, servizi o risorse esterne che non sono n\u00e9 posseduti n\u00e9 controllati dalla Societ\u00e0.<\/p><p data-start=\"1192\" data-end=\"1305\">Non siamo responsabili dei contenuti, delle politiche sulla privacy o delle pratiche di tali siti di terze parti.<\/p><p data-start=\"1307\" data-end=\"1470\">L\u2019utente riconosce e accetta che la Societ\u00e0 non pu\u00f2 essere ritenuta responsabile per eventuali danni o perdite derivanti dall\u2019utilizzo di contenuti di terze parti.<\/p><hr data-start=\"1472\" data-end=\"1475\" \/><h3 data-section-id=\"1paa1n2\" data-start=\"1477\" data-end=\"1515\">5. Limitazione di responsabilit\u00e0<\/h3><p data-start=\"1516\" data-end=\"1719\">In nessun caso la Societ\u00e0, i suoi dirigenti, dipendenti, partner, agenti, fornitori o affiliati potranno essere ritenuti responsabili per danni diretti, indiretti, incidentali, speciali o consequenziali.<\/p><p data-start=\"1721\" data-end=\"1748\">Ci\u00f2 include in particolare:<\/p><ul data-start=\"1750\" data-end=\"1872\"><li data-section-id=\"14lagsx\" data-start=\"1750\" data-end=\"1773\">perdita di profitti<\/li><li data-section-id=\"nekg8y\" data-start=\"1774\" data-end=\"1793\">perdita di dati<\/li><li data-section-id=\"yk4uui\" data-start=\"1794\" data-end=\"1820\">perdita di reputazione<\/li><li data-section-id=\"io5l8c\" data-start=\"1821\" data-end=\"1872\">impossibilit\u00e0 di utilizzare il sito o i servizi<\/li><\/ul><p data-start=\"1874\" data-end=\"1977\">Questa limitazione si applica anche in caso di accesso non autorizzato o modifica dei dati dell\u2019utente.<\/p><hr data-start=\"1979\" data-end=\"1982\" \/><h3 data-section-id=\"1wfnhdj\" data-start=\"1984\" data-end=\"2004\">6. Risoluzione<\/h3><p data-start=\"2005\" data-end=\"2180\">Ci riserviamo il diritto di sospendere o terminare immediatamente l\u2019accesso al sito e ai servizi, senza preavviso o responsabilit\u00e0, in caso di violazione del presente Accordo.<\/p><p data-start=\"2182\" data-end=\"2267\">La risoluzione comporta l\u2019interruzione immediata del diritto di utilizzo dei servizi.<\/p><hr data-start=\"2269\" data-end=\"2272\" \/><h3 data-section-id=\"14igxvb\" data-start=\"2274\" data-end=\"2300\">7. Legge applicabile<\/h3><p data-start=\"2301\" data-end=\"2393\">Il presente Accordo \u00e8 regolato e interpretato in conformit\u00e0 con le leggi di [Giurisdizione].<\/p><p data-start=\"2395\" data-end=\"2522\">Qualsiasi controversia relativa al presente Accordo sar\u00e0 sottoposta alla competenza esclusiva dei tribunali di [Giurisdizione].<\/p><hr data-start=\"2524\" data-end=\"2527\" \/><h3 data-section-id=\"1kl3h26\" data-start=\"2529\" data-end=\"2547\">8. Modifiche<\/h3><p data-start=\"2548\" data-end=\"2673\">Ci riserviamo il diritto di modificare o aggiornare il presente Accordo in qualsiasi momento, a nostra esclusiva discrezione.<\/p><p data-start=\"2675\" data-end=\"2736\">La versione pi\u00f9 recente sar\u00e0 sempre disponibile sul sito web.<\/p><p data-start=\"2738\" data-end=\"2821\">Continuando a utilizzare il sito dopo eventuali modifiche, accetti i nuovi termini.<\/p><hr data-start=\"2823\" data-end=\"2826\" \/><h3 data-section-id=\"1xkgo73\" data-start=\"2828\" data-end=\"2849\">9. Separabilit\u00e0<\/h3><p data-start=\"2850\" data-end=\"3010\">Se una qualsiasi disposizione del presente Accordo viene ritenuta non valida o inapplicabile, le restanti disposizioni rimarranno pienamente valide ed efficaci.<\/p><p data-start=\"3012\" data-end=\"3119\">La disposizione non valida sar\u00e0 sostituita da una valida che rifletta il pi\u00f9 possibile l\u2019intento originale.<\/p><hr data-start=\"3121\" data-end=\"3124\" \/><h3 data-section-id=\"lfpzel\" data-start=\"3126\" data-end=\"3152\">10. Accordo completo<\/h3><p data-start=\"3153\" data-end=\"3267\">Il presente Accordo costituisce l\u2019intero accordo tra te e la Societ\u00e0 relativo all\u2019utilizzo del sito e dei servizi.<\/p><p data-start=\"3269\" data-end=\"3342\" data-is-last-node=\"\" data-is-only-node=\"\">Sostituisce tutti gli accordi o intese precedenti, sia scritti che orali.<\/p>\t\t\t\t\t\t<\/div>\n\t\t\t\t<\/div>\n\t\t\t\t\t<\/div>\n\t\t<\/div>\n\t\t\t\t\t\t\t<\/div>\n\t\t<\/section>\n\t\t\t\t\t<\/div>\n\t\t<\/div>\n\t\t\t\t\t\t\t<\/div>\n\t\t<\/section>\n\t\t\t\t\t\t\t<\/div>\n\t\t","protected":false},"excerpt":{"rendered":"<p>Termini e Condizioni d\u2019Uso 1. Accettazione dei termini Tu (\u00abUtente\u00bb o \u00abtu\u00bb) e noi (\u00abSociet\u00e0\u00bb, \u00abnoi\u00bb, \u00abnostro\u00bb) siamo vincolati dai presenti Termini e Condizioni (\u00abAccordo\u00bb), che regolano l\u2019utilizzo del nostro sito web e dei nostri servizi. Accedendo o utilizzando il sito, accetti di essere vincolato da questo Accordo e confermi di averlo letto e compreso&#8230;.<\/p>\n","protected":false},"author":1,"featured_media":0,"parent":0,"menu_order":0,"comment_status":"closed","ping_status":"closed","template":"","meta":{"_kad_post_transparent":"","_kad_post_title":"hide","_kad_post_layout":"fullwidth","_kad_post_sidebar_id":"","_kad_post_content_style":"unboxed","_kad_post_vertical_padding":"hide","_kad_post_feature":"hide","_kad_post_feature_position":"","_kad_post_header":false,"_kad_post_footer":false,"_kad_post_classname":"","footnotes":""},"class_list":["post-23","page","type-page","status-publish","hentry"],"_links":{"self":[{"href":"https:\/\/wp5209.gendalf.teamon.site\/index.php\/wp-json\/wp\/v2\/pages\/23","targetHints":{"allow":["GET"]}}],"collection":[{"href":"https:\/\/wp5209.gendalf.teamon.site\/index.php\/wp-json\/wp\/v2\/pages"}],"about":[{"href":"https:\/\/wp5209.gendalf.teamon.site\/index.php\/wp-json\/wp\/v2\/types\/page"}],"author":[{"embeddable":true,"href":"https:\/\/wp5209.gendalf.teamon.site\/index.php\/wp-json\/wp\/v2\/users\/1"}],"replies":[{"embeddable":true,"href":"https:\/\/wp5209.gendalf.teamon.site\/index.php\/wp-json\/wp\/v2\/comments?post=23"}],"version-history":[{"count":4,"href":"https:\/\/wp5209.gendalf.teamon.site\/index.php\/wp-json\/wp\/v2\/pages\/23\/revisions"}],"predecessor-version":[{"id":181,"href":"https:\/\/wp5209.gendalf.teamon.site\/index.php\/wp-json\/wp\/v2\/pages\/23\/revisions\/181"}],"wp:attachment":[{"href":"https:\/\/wp5209.gendalf.teamon.site\/index.php\/wp-json\/wp\/v2\/media?parent=23"}],"curies":[{"name":"wp","href":"https:\/\/api.w.org\/{rel}","templated":true}]}}